{"id":434,"date":"2025-10-27T09:00:51","date_gmt":"2025-10-27T08:00:51","guid":{"rendered":"https:\/\/bianchi.mediweb.link\/news\/"},"modified":"2025-10-30T11:43:31","modified_gmt":"2025-10-30T10:43:31","slug":"news","status":"publish","type":"page","link":"https:\/\/bianchi.mediweb.link\/en\/news\/","title":{"rendered":"News"},"content":{"rendered":"\n<div style=\"--_background-image:url(https:\/\/bianchi.mediweb.link\/wp-content\/uploads\/2025\/10\/adobestock_518076416_2-1-scaled.webp)\" class=\"wp-block-mediweb-actualite-carousel alignfull\"><div class=\"container\"><h1>Actualite<\/h1><div class=\"swiper-navigation\"><div class=\"swiper-pagination\"><\/div><div class=\"btn-container\"><button class=\"swiper-button swiper-button-prev\"><svg width=\"26\" height=\"26\" viewBox=\"0 0 26 26\"><use xlink:href=\"https:\/\/bianchi.mediweb.link\/wp-content\/themes\/bianchi\/public\/images\/svg\/sprite.svg#chevron-left\"><\/use><\/svg><\/button><button class=\"swiper-button swiper-button-next\"><svg width=\"26\" height=\"26\" viewBox=\"0 0 26 26\"><use xlink:href=\"https:\/\/bianchi.mediweb.link\/wp-content\/themes\/bianchi\/public\/images\/svg\/sprite.svg#chevron-right-2\"><\/use><\/svg><\/button><\/div><\/div><\/div><div class=\"content\"><div class=\"swiper actualite-carousel\"><div class=\"swiper-wrapper\">\n<div class=\"wp-block-mediweb-actualite-carousel-item swiper-slide\"><div class=\"content-wrapper\"><div class=\"thumb\"><a href=\"\"><picture class=\"picture fluid responsive\"><img decoding=\"async\" src=\"https:\/\/bianchi.mediweb.link\/wp-content\/uploads\/2025\/10\/unsplash_8bkf0stc6uoqw.webp\" alt=\"\"\/><\/picture><\/a><\/div><div class=\"content\"><a href=\"\"><h3 class=\"title\">Plaque \u00e0 verin<\/h3><\/a><p class=\"excerpt\">Le disjoncteur est un appareil orthodontique utilis\u00e9 pour \u00e9largir le palais des enfants. Son action facilite le d\u00e9veloppement de la m\u00e2choire sup\u00e9rieure et am\u00e9liore l\u2019alignement des dents.<\/p>\n<a class=\"wp-block-mediweb-button aligncenter m-button icon\" href=\"http:\/\/localhost:3000\/blog\/plaque-a-verin-2\/\" target=\"_blank\" rel=\"noopener noreferrer\"><span class=\"icon\"><svg xmlns=\"http:\/\/www.w3.org\/2000\/svg\" width=\"18\" height=\"18\" viewbox=\"0 0 18 18\" fill=\"none\"><use xlink:href=\"https:\/\/bianchi.mediweb.link\/wp-content\/themes\/bianchi\/public\/images\/svg\/sprite.svg#chevron-right\"><\/use><\/svg><\/span><span data-content=\"Voir Plus\"><span>See More<\/span><\/span><\/a>\n<\/div><\/div><\/div>\n\n\n\n<div class=\"wp-block-mediweb-actualite-carousel-item swiper-slide\"><div class=\"content-wrapper\"><div class=\"thumb\"><a href=\"\"><picture class=\"picture fluid responsive\"><img decoding=\"async\" src=\"https:\/\/bianchi.mediweb.link\/wp-content\/uploads\/2025\/10\/unsplash_8bkf0stc6uo.webp\" alt=\"\"\/><\/picture><\/a><\/div><div class=\"content\"><a href=\"\"><h3 class=\"title\">Plaque \u00e0 verin<\/h3><\/a><p class=\"excerpt\">Le disjoncteur est un appareil orthodontique utilis\u00e9 pour \u00e9largir le palais des enfants. Son action facilite le d\u00e9veloppement de la m\u00e2choire sup\u00e9rieure et am\u00e9liore l\u2019alignement des dents.<\/p>\n<a class=\"wp-block-mediweb-button aligncenter m-button icon\" href=\"\/\" rel=\"\"><span class=\"icon\"><svg xmlns=\"http:\/\/www.w3.org\/2000\/svg\" width=\"18\" height=\"18\" viewbox=\"0 0 18 18\" fill=\"none\"><use xlink:href=\"https:\/\/bianchi.mediweb.link\/wp-content\/themes\/bianchi\/public\/images\/svg\/sprite.svg#chevron-right\"><\/use><\/svg><\/span><span data-content=\"Voir Plus\"><span>See More<\/span><\/span><\/a>\n<\/div><\/div><\/div>\n\n\n\n<div class=\"wp-block-mediweb-actualite-carousel-item swiper-slide\"><div class=\"content-wrapper\"><div class=\"thumb\"><a href=\"\"><picture class=\"picture fluid responsive\"><img decoding=\"async\" src=\"https:\/\/bianchi.mediweb.link\/wp-content\/uploads\/2025\/10\/unsplash_8bkf0stc6uo.webp\" alt=\"\"\/><\/picture><\/a><\/div><div class=\"content\"><a href=\"\"><h3 class=\"title\">test<\/h3><\/a><p class=\"excerpt\">test<\/p>\n<a class=\"wp-block-mediweb-button aligncenter m-button icon\" href=\"\/\" rel=\"\"><span class=\"icon\"><svg xmlns=\"http:\/\/www.w3.org\/2000\/svg\" width=\"18\" height=\"18\" viewbox=\"0 0 18 18\" fill=\"none\"><use xlink:href=\"https:\/\/bianchi.mediweb.link\/wp-content\/themes\/bianchi\/public\/images\/svg\/sprite.svg#chevron-right\"><\/use><\/svg><\/span><span data-content=\"Voir Plus\"><span>See More<\/span><\/span><\/a>\n<\/div><\/div><\/div>\n\n\n\n<div class=\"wp-block-mediweb-actualite-carousel-item swiper-slide\"><div class=\"content-wrapper\"><div class=\"thumb\"><a href=\"\"><picture class=\"picture fluid responsive\"><img decoding=\"async\" src=\"https:\/\/bianchi.mediweb.link\/wp-content\/uploads\/2025\/10\/unsplash_8bkf0stc6uo.webp\" alt=\"\"\/><\/picture><\/a><\/div><div class=\"content\"><a href=\"\"><h3 class=\"title\">Plaque a venir<\/h3><\/a><p class=\"excerpt\"><\/p>\n<a class=\"wp-block-mediweb-button aligncenter m-button icon\" href=\"http:\/\/localhost:8888\/blog\/plaque-a-verin\/\" target=\"_self\" rel=\"\"><span class=\"icon\"><svg xmlns=\"http:\/\/www.w3.org\/2000\/svg\" width=\"18\" height=\"18\" viewbox=\"0 0 18 18\" fill=\"none\"><use xlink:href=\"https:\/\/bianchi.mediweb.link\/wp-content\/themes\/bianchi\/public\/images\/svg\/sprite.svg#chevron-right\"><\/use><\/svg><\/span><span data-content=\"Voir Plus\"><span>See More<\/span><\/span><\/a>\n<\/div><\/div><\/div>\n\n\n\n<div class=\"wp-block-mediweb-actualite-carousel-item swiper-slide\"><div class=\"content-wrapper\"><div class=\"thumb\"><a href=\"\"><picture class=\"picture fluid responsive\"><img decoding=\"async\" src=\"https:\/\/bianchi.mediweb.link\/wp-content\/uploads\/2025\/10\/unsplash_8bkf0stc6uoqw.webp\" alt=\"\"\/><\/picture><\/a><\/div><div class=\"content\"><a href=\"\"><h3 class=\"title\">Lorem ipsum dolor sit amet<\/h3><\/a><p class=\"excerpt\">Bla bla bla bla<\/p>\n<a class=\"wp-block-mediweb-button aligncenter m-button icon\" href=\"\/\" rel=\"\"><span class=\"icon\"><svg xmlns=\"http:\/\/www.w3.org\/2000\/svg\" width=\"18\" height=\"18\" viewbox=\"0 0 18 18\" fill=\"none\"><use xlink:href=\"https:\/\/bianchi.mediweb.link\/wp-content\/themes\/bianchi\/public\/images\/svg\/sprite.svg#chevron-right\"><\/use><\/svg><\/span><span data-content=\"Voir Plus\"><span>See More<\/span><\/span><\/a>\n<\/div><\/div><\/div>\n<\/div><\/div><\/div><\/div>\n\n\n\n<div class=\"wp-block-mediweb-conseils-carousel\" id=\"conseils\">\n\t<div class=\"container\">\n\t\t<h2>Conseils<\/h2>\n\t\t<div class=\"conseils-carousel swiper\">\n\t\t\t<div class=\"swiper-wrapper\">\n\t\t\t\t\t\t\t<\/div>\n\t\t\t<div class=\"swiper-navigation\">\n\t<div class=\"swiper-pagination\"><\/div>\n\t<div class=\"btn-container\">\n\t\t<button class=\"swiper-button swiper-button-prev\">\n\t\t\t<svg width=\"26\" height=\"26\" viewBox=\"0 0 26 26\">\n\t\t\t\t<use xlink:href=\"https:\/\/bianchi.mediweb.link\/wp-content\/themes\/bianchi\/public\/images\/svg\/sprite.svg#chevron-left\" \/>\n\t\t\t<\/svg>\n\t\t<\/button>\n\t\t<button class=\"swiper-button swiper-button-next\">\n\t\t\t<svg width=\"26\" height=\"26\" viewBox=\"0 0 26 26\">\n\t\t\t\t<use xlink:href=\"https:\/\/bianchi.mediweb.link\/wp-content\/themes\/bianchi\/public\/images\/svg\/sprite.svg#chevron-right-2\" \/>\n\t\t\t<\/svg>\n\t\t<\/button>\n\t<\/div>\n<\/div>\t\t<\/div>\n\t<\/div>\n<\/div>","protected":false},"excerpt":{"rendered":"","protected":false},"author":1,"featured_media":0,"parent":0,"menu_order":0,"comment_status":"closed","ping_status":"closed","template":"","meta":{"_acf_changed":false,"inline_featured_image":false,"page_background_color":"light","page_container_width":"wide","hide_content_header":true,"content_header_type":"default","content_header_media_img":0,"content_header_media_video":"","footnotes":""},"class_list":["post-434","page","type-page","status-publish","hentry"],"acf":[],"yoast_head":"<!-- This site is optimized with the Yoast SEO plugin v26.2 - https:\/\/yoast.com\/wordpress\/plugins\/seo\/ -->\n<title>News - B Ortho | Orthodontiste Bruxelles<\/title>\n<meta name=\"robots\" content=\"noindex, follow, max-snippet:-1, max-image-preview:large, max-video-preview:-1\" \/>\n<meta property=\"og:locale\" content=\"en_US\" \/>\n<meta property=\"og:type\" content=\"article\" \/>\n<meta property=\"og:title\" content=\"News - B Ortho | Orthodontiste Bruxelles\" \/>\n<meta property=\"og:url\" content=\"https:\/\/bianchi.mediweb.link\/en\/news\/\" \/>\n<meta property=\"og:site_name\" content=\"B Ortho | Orthodontiste Bruxelles\" \/>\n<meta property=\"article:modified_time\" content=\"2025-10-30T10:43:31+00:00\" \/>\n<meta property=\"og:image\" content=\"https:\/\/bianchi.mediweb.link\/wp-content\/uploads\/2025\/10\/unsplash_8bkf0stc6uoqw.webp\" \/>\n<meta name=\"twitter:card\" content=\"summary_large_image\" \/>\n<meta name=\"twitter:label1\" content=\"Est. reading time\" \/>\n\t<meta name=\"twitter:data1\" content=\"1 minute\" \/>\n<script type=\"application\/ld+json\" class=\"yoast-schema-graph\">{\"@context\":\"https:\/\/schema.org\",\"@graph\":[{\"@type\":\"WebPage\",\"@id\":\"https:\/\/bianchi.mediweb.link\/en\/news\/\",\"url\":\"https:\/\/bianchi.mediweb.link\/en\/news\/\",\"name\":\"News - B Ortho | Orthodontiste Bruxelles\",\"isPartOf\":{\"@id\":\"https:\/\/bianchi.mediweb.link\/en\/#website\"},\"primaryImageOfPage\":{\"@id\":\"https:\/\/bianchi.mediweb.link\/en\/news\/#primaryimage\"},\"image\":{\"@id\":\"https:\/\/bianchi.mediweb.link\/en\/news\/#primaryimage\"},\"thumbnailUrl\":\"https:\/\/bianchi.mediweb.link\/wp-content\/uploads\/2025\/10\/unsplash_8bkf0stc6uoqw.webp\",\"datePublished\":\"2025-10-27T08:00:51+00:00\",\"dateModified\":\"2025-10-30T10:43:31+00:00\",\"breadcrumb\":{\"@id\":\"https:\/\/bianchi.mediweb.link\/en\/news\/#breadcrumb\"},\"inLanguage\":\"en-US\",\"potentialAction\":[{\"@type\":\"ReadAction\",\"target\":[\"https:\/\/bianchi.mediweb.link\/en\/news\/\"]}]},{\"@type\":\"ImageObject\",\"inLanguage\":\"en-US\",\"@id\":\"https:\/\/bianchi.mediweb.link\/en\/news\/#primaryimage\",\"url\":\"https:\/\/bianchi.mediweb.link\/wp-content\/uploads\/2025\/10\/unsplash_8bkf0stc6uoqw.webp\",\"contentUrl\":\"https:\/\/bianchi.mediweb.link\/wp-content\/uploads\/2025\/10\/unsplash_8bkf0stc6uoqw.webp\"},{\"@type\":\"BreadcrumbList\",\"@id\":\"https:\/\/bianchi.mediweb.link\/en\/news\/#breadcrumb\",\"itemListElement\":[{\"@type\":\"ListItem\",\"position\":1,\"name\":\"Accueil\",\"item\":\"https:\/\/bianchi.mediweb.link\/en\/\"},{\"@type\":\"ListItem\",\"position\":2,\"name\":\"News\"}]},{\"@type\":\"WebSite\",\"@id\":\"https:\/\/bianchi.mediweb.link\/en\/#website\",\"url\":\"https:\/\/bianchi.mediweb.link\/en\/\",\"name\":\"B Ortho | Orthodontiste Bruxelles\",\"description\":\"\",\"potentialAction\":[{\"@type\":\"SearchAction\",\"target\":{\"@type\":\"EntryPoint\",\"urlTemplate\":\"https:\/\/bianchi.mediweb.link\/en\/?s={search_term_string}\"},\"query-input\":{\"@type\":\"PropertyValueSpecification\",\"valueRequired\":true,\"valueName\":\"search_term_string\"}}],\"inLanguage\":\"en-US\"}]}<\/script>\n<!-- \/ Yoast SEO plugin. -->","yoast_head_json":{"title":"News - B Ortho | Orthodontiste Bruxelles","robots":{"index":"noindex","follow":"follow","max-snippet":"max-snippet:-1","max-image-preview":"max-image-preview:large","max-video-preview":"max-video-preview:-1"},"og_locale":"en_US","og_type":"article","og_title":"News - B Ortho | Orthodontiste Bruxelles","og_url":"https:\/\/bianchi.mediweb.link\/en\/news\/","og_site_name":"B Ortho | Orthodontiste Bruxelles","article_modified_time":"2025-10-30T10:43:31+00:00","og_image":[{"url":"https:\/\/bianchi.mediweb.link\/wp-content\/uploads\/2025\/10\/unsplash_8bkf0stc6uoqw.webp","type":"","width":"","height":""}],"twitter_card":"summary_large_image","twitter_misc":{"Est. reading time":"1 minute"},"schema":{"@context":"https:\/\/schema.org","@graph":[{"@type":"WebPage","@id":"https:\/\/bianchi.mediweb.link\/en\/news\/","url":"https:\/\/bianchi.mediweb.link\/en\/news\/","name":"News - B Ortho | Orthodontiste Bruxelles","isPartOf":{"@id":"https:\/\/bianchi.mediweb.link\/en\/#website"},"primaryImageOfPage":{"@id":"https:\/\/bianchi.mediweb.link\/en\/news\/#primaryimage"},"image":{"@id":"https:\/\/bianchi.mediweb.link\/en\/news\/#primaryimage"},"thumbnailUrl":"https:\/\/bianchi.mediweb.link\/wp-content\/uploads\/2025\/10\/unsplash_8bkf0stc6uoqw.webp","datePublished":"2025-10-27T08:00:51+00:00","dateModified":"2025-10-30T10:43:31+00:00","breadcrumb":{"@id":"https:\/\/bianchi.mediweb.link\/en\/news\/#breadcrumb"},"inLanguage":"en-US","potentialAction":[{"@type":"ReadAction","target":["https:\/\/bianchi.mediweb.link\/en\/news\/"]}]},{"@type":"ImageObject","inLanguage":"en-US","@id":"https:\/\/bianchi.mediweb.link\/en\/news\/#primaryimage","url":"https:\/\/bianchi.mediweb.link\/wp-content\/uploads\/2025\/10\/unsplash_8bkf0stc6uoqw.webp","contentUrl":"https:\/\/bianchi.mediweb.link\/wp-content\/uploads\/2025\/10\/unsplash_8bkf0stc6uoqw.webp"},{"@type":"BreadcrumbList","@id":"https:\/\/bianchi.mediweb.link\/en\/news\/#breadcrumb","itemListElement":[{"@type":"ListItem","position":1,"name":"Accueil","item":"https:\/\/bianchi.mediweb.link\/en\/"},{"@type":"ListItem","position":2,"name":"News"}]},{"@type":"WebSite","@id":"https:\/\/bianchi.mediweb.link\/en\/#website","url":"https:\/\/bianchi.mediweb.link\/en\/","name":"B Ortho | Orthodontiste Bruxelles","description":"","potentialAction":[{"@type":"SearchAction","target":{"@type":"EntryPoint","urlTemplate":"https:\/\/bianchi.mediweb.link\/en\/?s={search_term_string}"},"query-input":{"@type":"PropertyValueSpecification","valueRequired":true,"valueName":"search_term_string"}}],"inLanguage":"en-US"}]}},"_links":{"self":[{"href":"https:\/\/bianchi.mediweb.link\/en\/wp-json\/wp\/v2\/pages\/434","targetHints":{"allow":["GET"]}}],"collection":[{"href":"https:\/\/bianchi.mediweb.link\/en\/wp-json\/wp\/v2\/pages"}],"about":[{"href":"https:\/\/bianchi.mediweb.link\/en\/wp-json\/wp\/v2\/types\/page"}],"author":[{"embeddable":true,"href":"https:\/\/bianchi.mediweb.link\/en\/wp-json\/wp\/v2\/users\/1"}],"replies":[{"embeddable":true,"href":"https:\/\/bianchi.mediweb.link\/en\/wp-json\/wp\/v2\/comments?post=434"}],"version-history":[{"count":1,"href":"https:\/\/bianchi.mediweb.link\/en\/wp-json\/wp\/v2\/pages\/434\/revisions"}],"predecessor-version":[{"id":436,"href":"https:\/\/bianchi.mediweb.link\/en\/wp-json\/wp\/v2\/pages\/434\/revisions\/436"}],"wp:attachment":[{"href":"https:\/\/bianchi.mediweb.link\/en\/wp-json\/wp\/v2\/media?parent=434"}],"curies":[{"name":"wp","href":"https:\/\/api.w.org\/{rel}","templated":true}]}}